{"id":344,"date":"2017-10-20T14:34:40","date_gmt":"2017-10-20T20:34:40","guid":{"rendered":"http:\/\/www.atube.me\/?page_id=344"},"modified":"2017-10-20T14:34:40","modified_gmt":"2017-10-20T20:34:40","slug":"doar","status":"publish","type":"page","link":"https:\/\/www.atube.me\/pt-br\/doar\/","title":{"rendered":"Doar"},"content":{"rendered":"<p>[vc_row][vc_column][vc_column_text]Obrigado por todo o apoio da comunidade aTube Catcher, este software fica livre para voc\u00ea, e as doa\u00e7\u00f5es ajudar\u00e3o a mant\u00ea-lo atualizado, funcionando.<\/p>\n<div class=\"page-sidebar widget\" id=\"donation_buttons\"><form action=\"https:\/\/www.paypal.com\/cgi-bin\/webscr\" method=\"post\" target=\"_blank\" align=\"center\"><input type=\"hidden\" name=\"business\" value=\"diego@dsnetwb.com\"><input type=\"hidden\" name=\"bn\" value=\"mbjtechnolabs_SP\"><input type=\"hidden\" name=\"cmd\" value=\"_donations\"><input type=\"hidden\" name=\"item_name\" value=\"aTube  Catcher Project\"><table align=\"center\"><tbody><tr><td><label for=\"Donate\">Donate<\/label><\/td><\/tr><\/tbody><\/table><table align=\"center\"><tbody><tr><td><input style=\"margin-top:10px;\" type=\"image\" name=\"submit\" border=\"0\" src=\"https:\/\/www.paypal.com\/en_US\/i\/btn\/btn_donateCC_LG.gif\" alt=\"PayPal - The safer, easier way to pay online\"><\/td><\/tr><\/tbody><\/table><input type=\"hidden\" name=\"currency_code\" value=\"USD\"><input type=\"hidden\" name=\"notify_url\" value=\"https:\/\/www.atube.me\/?Donation_Button&#038;action=ipn_handler\"><input type=\"hidden\" name=\"return\" value=\"https:\/\/www.atube.me\/pagina-ejemplo\/\"><\/form><\/div>[\/vc_column_text][\/vc_column][\/vc_row]<\/p>\n<div class=\"sharedaddy sd-sharing-enabled\"><div class=\"robots-nocontent sd-block sd-social sd-social-icon sd-sharing\"><div class=\"sd-content\"><ul><li class=\"share-twitter\"><a rel=\"nofollow noopener noreferrer\" data-shared=\"sharing-twitter-344\" class=\"share-twitter sd-button share-icon no-text\" href=\"https:\/\/www.atube.me\/pt-br\/doar\/?share=twitter\" target=\"_blank\" title=\"Clique para compartilhar no Twitter\"><span><\/span><span class=\"sharing-screen-reader-text\">Clique para compartilhar no Twitter(abre em nova janela)<\/span><\/a><\/li><li class=\"share-facebook\"><a rel=\"nofollow noopener noreferrer\" data-shared=\"sharing-facebook-344\" class=\"share-facebook sd-button share-icon no-text\" href=\"https:\/\/www.atube.me\/pt-br\/doar\/?share=facebook\" target=\"_blank\" title=\"Clique para compartilhar no Facebook\"><span><\/span><span class=\"sharing-screen-reader-text\">Clique para compartilhar no Facebook(abre em nova janela)<\/span><\/a><\/li><li class=\"share-end\"><\/li><\/ul><\/div><\/div><\/div>","protected":false},"excerpt":{"rendered":"<p>[vc_row][vc_column][vc_column_text]Obrigado por todo o apoio da comunidade aTube Catcher, este software fica livre para voc\u00ea, e as doa\u00e7\u00f5es ajudar\u00e3o a mant\u00ea-lo atualizado, funcionando. [\/vc_column_text][\/vc_column][\/vc_row]<\/p>\n<div class=\"sharedaddy sd-sharing-enabled\"><div class=\"robots-nocontent sd-block sd-social sd-social-icon sd-sharing\"><div class=\"sd-content\"><ul><li class=\"share-twitter\"><a rel=\"nofollow noopener noreferrer\" data-shared=\"sharing-twitter-344\" class=\"share-twitter sd-button share-icon no-text\" href=\"https:\/\/www.atube.me\/pt-br\/doar\/?share=twitter\" target=\"_blank\" title=\"Clique para compartilhar no Twitter\"><span><\/span><span class=\"sharing-screen-reader-text\">Clique para compartilhar no Twitter(abre em nova janela)<\/span><\/a><\/li><li class=\"share-facebook\"><a rel=\"nofollow noopener noreferrer\" data-shared=\"sharing-facebook-344\" class=\"share-facebook sd-button share-icon no-text\" href=\"https:\/\/www.atube.me\/pt-br\/doar\/?share=facebook\" target=\"_blank\" title=\"Clique para compartilhar no Facebook\"><span><\/span><span class=\"sharing-screen-reader-text\">Clique para compartilhar no Facebook(abre em nova janela)<\/span><\/a><\/li><li class=\"share-end\"><\/li><\/ul><\/div><\/div><\/div>","protected":false},"author":1,"featured_media":0,"parent":0,"menu_order":0,"comment_status":"closed","ping_status":"closed","template":"","meta":{"spay_email":""},"jetpack_sharing_enabled":true,"jetpack_shortlink":"https:\/\/wp.me\/P7ExbS-5y","jetpack-related-posts":[],"_links":{"self":[{"href":"https:\/\/www.atube.me\/pt-br\/wp-json\/wp\/v2\/pages\/344"}],"collection":[{"href":"https:\/\/www.atube.me\/pt-br\/wp-json\/wp\/v2\/pages"}],"about":[{"href":"https:\/\/www.atube.me\/pt-br\/wp-json\/wp\/v2\/types\/page"}],"author":[{"embeddable":true,"href":"https:\/\/www.atube.me\/pt-br\/wp-json\/wp\/v2\/users\/1"}],"replies":[{"embeddable":true,"href":"https:\/\/www.atube.me\/pt-br\/wp-json\/wp\/v2\/comments?post=344"}],"version-history":[{"count":1,"href":"https:\/\/www.atube.me\/pt-br\/wp-json\/wp\/v2\/pages\/344\/revisions"}],"predecessor-version":[{"id":345,"href":"https:\/\/www.atube.me\/pt-br\/wp-json\/wp\/v2\/pages\/344\/revisions\/345"}],"wp:attachment":[{"href":"https:\/\/www.atube.me\/pt-br\/wp-json\/wp\/v2\/media?parent=344"}],"curies":[{"name":"wp","href":"https:\/\/api.w.org\/{rel}","templated":true}]}}